{"id":737,"date":"2024-05-15T12:00:19","date_gmt":"2024-05-15T10:00:19","guid":{"rendered":"https:\/\/gutenix.com\/demo\/free\/gutenberg\/school\/?page_id=3"},"modified":"2024-05-15T12:32:53","modified_gmt":"2024-05-15T10:32:53","slug":"privacy-policy","status":"publish","type":"page","link":"https:\/\/www.dubona.cz\/de\/privacy-policy\/","title":{"rendered":"Datenschutzbestimmungen"},"content":{"rendered":"<div class=\"wpb-content-wrapper\"><div class=\"vc_row wpb_row vc_row-fluid vc_custom_1715768522717 vc_row-has-fill\"><div class=\"wpb_column vc_column_container vc_col-sm-12\"><div class=\"vc_column-inner\"><div class=\"wpb_wrapper\">\n\t<div class=\"wpb_text_column wpb_content_element\" >\n\t\t<div class=\"wpb_wrapper\">\n\t\t\t<p><strong>Wer wir sind<\/strong><\/p>\n<p>Unsere Internetadresse lautet: https:\/\/www.dubona.cz<\/p>\n<p><strong>Cookies<\/strong><\/p>\n<p>Das Redaktionssystem dieser Website speichert nur funktionale Cookies im Browser, die f\u00fcr die korrekte Darstellung der Seite notwendig sind.<\/p>\n<p><strong>Eingebettete Inhalte von anderen Websites<\/strong><\/p>\n<p>Die Artikel auf dieser Website k\u00f6nnen eingebettete Inhalte (z. B. Videos, Bilder, Artikel usw.) enthalten. Eingebettete Inhalte von anderen Websites verhalten sich genau so, als ob der Besucher eine andere Website besucht h\u00e4tte. Diese Websites k\u00f6nnen Informationen \u00fcber Sie sammeln, Cookies verwenden, andere Trackingverfahren Dritter einf\u00fcgen und Ihre Interaktion mit diesen eingebetteten Inhalten \u00fcberwachen, einschlie\u00dflich der Verfolgung Ihrer Interaktion mit den eingebetteten Inhalten, wenn Sie ein Konto haben und auf dieser Website angemeldet sind.<\/p>\n<p><strong>Mit wem wir Ihre Daten teilen<\/strong><\/p>\n<p>Wir teilen nicht.<\/p>\n<p><strong>Wie lange wir Ihre Daten aufbewahren<\/strong><\/p>\n<p>Wir behalten sie nicht.<\/p>\n<p><strong>Welche Rechte Sie an Ihren Daten haben<\/strong><\/p>\n<p>Wenn Sie ein Konto auf dieser Website haben oder Kommentare hinterlassen haben, k\u00f6nnen Sie eine exportierte Datei mit den personenbezogenen Daten anfordern, die wir \u00fcber Sie gespeichert haben, einschlie\u00dflich aller Daten, die Sie uns zur Verf\u00fcgung gestellt haben. Sie k\u00f6nnen auch verlangen, dass wir alle personenbezogenen Daten, die wir \u00fcber Sie gespeichert haben, l\u00f6schen. Davon ausgenommen sind Daten, die wir aus verwaltungstechnischen, rechtlichen oder sicherheitsrelevanten Gr\u00fcnden aufbewahren m\u00fcssen. Sie d\u00fcrfen keine Kommentare abgeben, diese Daten werden nicht erfasst.<\/p>\n<p><strong>Wohin wir Ihre Daten senden<\/strong><\/p>\n<p>Wir senden nicht, wir teilen nicht.<\/p>\n\n\t\t<\/div>\n\t<\/div>\n<\/div><\/div><\/div><\/div>\n<\/div>","protected":false},"excerpt":{"rendered":"Kdo jsme Na\u0161e webov\u00e1 adresa je: https:\/\/www.dubona.cz Soubory cookie Redak\u010dn\u00ed syst\u00e9m tohoto webu si ve prohl\u00ed\u017ee\u010di ukl\u00e1d\u00e1 pouze funk\u010dn\u00ed cookies pot\u0159ebn\u00e9 k tomu, aby dok\u00e1zal str\u00e1nku spr\u00e1vn\u011b zobrazit. Vlo\u017een\u00fd obsah z jin\u00fdch webov\u00fdch str\u00e1nek \u010cl\u00e1nky na tomto webu mohou obsahovat vlo\u017een\u00fd obsah (nap\u0159. videa, obr\u00e1zky, \u010dl\u00e1nky atd.). Vlo\u017een\u00fd obsah z jin\u00fdch webov\u00fdch str\u00e1nek se chov\u00e1 [...]","protected":false},"author":1,"featured_media":0,"parent":0,"menu_order":0,"comment_status":"closed","ping_status":"open","template":"","meta":{"footnotes":""},"class_list":["post-737","page","type-page","status-publish","hentry"],"yoast_head":"<!-- This site is optimized with the Yoast SEO plugin v27.5 - https:\/\/yoast.com\/product\/yoast-seo-wordpress\/ -->\n<title>Privacy Policy | DUBONA<\/title>\n<meta name=\"description\" content=\"Privacy policy\" \/>\n<meta name=\"robots\" content=\"index, follow, max-snippet:-1, max-image-preview:large, max-video-preview:-1\" \/>\n<link rel=\"canonical\" href=\"https:\/\/www.dubona.cz\/de\/privacy-policy\/\" \/>\n<meta property=\"og:locale\" content=\"de_DE\" \/>\n<meta property=\"og:type\" content=\"article\" \/>\n<meta property=\"og:title\" content=\"Privacy Policy | DUBONA\" \/>\n<meta property=\"og:description\" content=\"Privacy policy\" \/>\n<meta property=\"og:url\" content=\"https:\/\/www.dubona.cz\/de\/privacy-policy\/\" \/>\n<meta property=\"og:site_name\" content=\"DUBONA\" \/>\n<meta property=\"article:modified_time\" content=\"2024-05-15T10:32:53+00:00\" \/>\n<meta name=\"twitter:card\" content=\"summary_large_image\" \/>\n<meta name=\"twitter:label1\" content=\"Gesch\u00e4tzte Lesezeit\" \/>\n\t<meta name=\"twitter:data1\" content=\"2\u00a0Minuten\" \/>\n<script type=\"application\/ld+json\" class=\"yoast-schema-graph\">{\"@context\":\"https:\\\/\\\/schema.org\",\"@graph\":[{\"@type\":\"WebPage\",\"@id\":\"https:\\\/\\\/www.dubona.cz\\\/privacy-policy\\\/\",\"url\":\"https:\\\/\\\/www.dubona.cz\\\/privacy-policy\\\/\",\"name\":\"Privacy Policy | DUBONA\",\"isPartOf\":{\"@id\":\"https:\\\/\\\/www.dubona.cz\\\/#website\"},\"datePublished\":\"2024-05-15T10:00:19+00:00\",\"dateModified\":\"2024-05-15T10:32:53+00:00\",\"description\":\"Privacy policy\",\"breadcrumb\":{\"@id\":\"https:\\\/\\\/www.dubona.cz\\\/privacy-policy\\\/#breadcrumb\"},\"inLanguage\":\"de\",\"potentialAction\":[{\"@type\":\"ReadAction\",\"target\":[\"https:\\\/\\\/www.dubona.cz\\\/privacy-policy\\\/\"]}]},{\"@type\":\"BreadcrumbList\",\"@id\":\"https:\\\/\\\/www.dubona.cz\\\/privacy-policy\\\/#breadcrumb\",\"itemListElement\":[{\"@type\":\"ListItem\",\"position\":1,\"name\":\"Dom\u016f\",\"item\":\"https:\\\/\\\/www.dubona.cz\\\/\"},{\"@type\":\"ListItem\",\"position\":2,\"name\":\"Privacy Policy\"}]},{\"@type\":\"WebSite\",\"@id\":\"https:\\\/\\\/www.dubona.cz\\\/#website\",\"url\":\"https:\\\/\\\/www.dubona.cz\\\/\",\"name\":\"www.DUBONA.cz\",\"description\":\"profesion\u00e1ln\u00ed d\u0159evov\u00fdroba, v\u00fdstavba, rekonstrukce a poradenstv\u00ed\",\"publisher\":{\"@id\":\"https:\\\/\\\/www.dubona.cz\\\/#organization\"},\"potentialAction\":[{\"@type\":\"SearchAction\",\"target\":{\"@type\":\"EntryPoint\",\"urlTemplate\":\"https:\\\/\\\/www.dubona.cz\\\/?s={search_term_string}\"},\"query-input\":{\"@type\":\"PropertyValueSpecification\",\"valueRequired\":true,\"valueName\":\"search_term_string\"}}],\"inLanguage\":\"de\"},{\"@type\":\"Organization\",\"@id\":\"https:\\\/\\\/www.dubona.cz\\\/#organization\",\"name\":\"DUBONA s.r.o.\",\"url\":\"https:\\\/\\\/www.dubona.cz\\\/\",\"logo\":{\"@type\":\"ImageObject\",\"inLanguage\":\"de\",\"@id\":\"https:\\\/\\\/www.dubona.cz\\\/#\\\/schema\\\/logo\\\/image\\\/\",\"url\":\"https:\\\/\\\/www.dubona.cz\\\/wp-content\\\/uploads\\\/logo_dubona_transparent_ring_news.png\",\"contentUrl\":\"https:\\\/\\\/www.dubona.cz\\\/wp-content\\\/uploads\\\/logo_dubona_transparent_ring_news.png\",\"width\":150,\"height\":150,\"caption\":\"DUBONA s.r.o.\"},\"image\":{\"@id\":\"https:\\\/\\\/www.dubona.cz\\\/#\\\/schema\\\/logo\\\/image\\\/\"}}]}<\/script>\n<!-- \/ Yoast SEO plugin. -->","yoast_head_json":{"title":"Privacy Policy | DUBONA","description":"Privacy policy","robots":{"index":"index","follow":"follow","max-snippet":"max-snippet:-1","max-image-preview":"max-image-preview:large","max-video-preview":"max-video-preview:-1"},"canonical":"https:\/\/www.dubona.cz\/de\/privacy-policy\/","og_locale":"de_DE","og_type":"article","og_title":"Privacy Policy | DUBONA","og_description":"Privacy policy","og_url":"https:\/\/www.dubona.cz\/de\/privacy-policy\/","og_site_name":"DUBONA","article_modified_time":"2024-05-15T10:32:53+00:00","twitter_card":"summary_large_image","twitter_misc":{"Gesch\u00e4tzte Lesezeit":"2\u00a0Minuten"},"schema":{"@context":"https:\/\/schema.org","@graph":[{"@type":"WebPage","@id":"https:\/\/www.dubona.cz\/privacy-policy\/","url":"https:\/\/www.dubona.cz\/privacy-policy\/","name":"Privacy Policy | DUBONA","isPartOf":{"@id":"https:\/\/www.dubona.cz\/#website"},"datePublished":"2024-05-15T10:00:19+00:00","dateModified":"2024-05-15T10:32:53+00:00","description":"Privacy policy","breadcrumb":{"@id":"https:\/\/www.dubona.cz\/privacy-policy\/#breadcrumb"},"inLanguage":"de","potentialAction":[{"@type":"ReadAction","target":["https:\/\/www.dubona.cz\/privacy-policy\/"]}]},{"@type":"BreadcrumbList","@id":"https:\/\/www.dubona.cz\/privacy-policy\/#breadcrumb","itemListElement":[{"@type":"ListItem","position":1,"name":"Dom\u016f","item":"https:\/\/www.dubona.cz\/"},{"@type":"ListItem","position":2,"name":"Privacy Policy"}]},{"@type":"WebSite","@id":"https:\/\/www.dubona.cz\/#website","url":"https:\/\/www.dubona.cz\/","name":"www.DUBONA.cz","description":"profesion\u00e1ln\u00ed d\u0159evov\u00fdroba, v\u00fdstavba, rekonstrukce a poradenstv\u00ed","publisher":{"@id":"https:\/\/www.dubona.cz\/#organization"},"potentialAction":[{"@type":"SearchAction","target":{"@type":"EntryPoint","urlTemplate":"https:\/\/www.dubona.cz\/?s={search_term_string}"},"query-input":{"@type":"PropertyValueSpecification","valueRequired":true,"valueName":"search_term_string"}}],"inLanguage":"de"},{"@type":"Organization","@id":"https:\/\/www.dubona.cz\/#organization","name":"DUBONA GmbH","url":"https:\/\/www.dubona.cz\/","logo":{"@type":"ImageObject","inLanguage":"de","@id":"https:\/\/www.dubona.cz\/#\/schema\/logo\/image\/","url":"https:\/\/www.dubona.cz\/wp-content\/uploads\/logo_dubona_transparent_ring_news.png","contentUrl":"https:\/\/www.dubona.cz\/wp-content\/uploads\/logo_dubona_transparent_ring_news.png","width":150,"height":150,"caption":"DUBONA s.r.o."},"image":{"@id":"https:\/\/www.dubona.cz\/#\/schema\/logo\/image\/"}}]}},"_links":{"self":[{"href":"https:\/\/www.dubona.cz\/de\/wp-json\/wp\/v2\/pages\/737","targetHints":{"allow":["GET"]}}],"collection":[{"href":"https:\/\/www.dubona.cz\/de\/wp-json\/wp\/v2\/pages"}],"about":[{"href":"https:\/\/www.dubona.cz\/de\/wp-json\/wp\/v2\/types\/page"}],"author":[{"embeddable":true,"href":"https:\/\/www.dubona.cz\/de\/wp-json\/wp\/v2\/users\/1"}],"replies":[{"embeddable":true,"href":"https:\/\/www.dubona.cz\/de\/wp-json\/wp\/v2\/comments?post=737"}],"version-history":[{"count":0,"href":"https:\/\/www.dubona.cz\/de\/wp-json\/wp\/v2\/pages\/737\/revisions"}],"wp:attachment":[{"href":"https:\/\/www.dubona.cz\/de\/wp-json\/wp\/v2\/media?parent=737"}],"curies":[{"name":"wp","href":"https:\/\/api.w.org\/{rel}","templated":true}]}}