{"id":1842,"date":"2024-05-23T11:56:56","date_gmt":"2024-05-23T09:56:56","guid":{"rendered":"https:\/\/www.dubona.cz\/?page_id=1842"},"modified":"2024-05-30T10:40:38","modified_gmt":"2024-05-30T08:40:38","slug":"news","status":"publish","type":"page","link":"https:\/\/www.dubona.cz\/de\/news\/","title":{"rendered":"Aktuelles"},"content":{"rendered":"<div class=\"wpb-content-wrapper\"><div class=\"vc_row wpb_row vc_row-fluid vc_custom_1716898559094 vc_row-has-fill\"><div class=\"wpb_column vc_column_container vc_col-sm-12\"><div class=\"vc_column-inner\"><div class=\"wpb_wrapper\">\n\t<div class=\"wpb_text_column wpb_content_element vc_custom_1717058435690\" >\n\t\t<div class=\"wpb_wrapper\">\n\t\t\t<div class=\"pt-cv-wrapper\"><div class=\"pt-cv-view pt-cv-blockgrid iscvblock iscvhybrid list1 layout1\" id=\"pt-cv-view-6bc8cf4y0h\"><div data-id=\"pt-cv-page-1\" class=\"pt-cv-page\" data-cvc=\"1\"><div class=\"pt-cv-content-item pt-cv-2-col\" ><h3 class=\"pt-cv-title\"><a href=\"https:\/\/www.dubona.cz\/de\/predstavujeme-nabidku-oken\/\" class=\"_self\" target=\"_self\" >Wir stellen Ihnen unser Sortiment an Kunststoff- und Aluminiumfenstern vor<\/a><\/h3>\n<div class=\"pt-cv-content\">Garantierte Energieeinsparungen und innovative Zukunftstechnologien f\u00fcr Fenster und T\u00fcren aus Kunststoff und Aluminium...<br \/><div class=\"pt-cv-rmwrap\"><a href=\"https:\/\/www.dubona.cz\/de\/predstavujeme-nabidku-oken\/\" class=\"_self pt-cv-readmore btn btn-success\" target=\"_self\">das Ganze lesen<\/a><\/div><\/div><\/div>\n<div class=\"pt-cv-content-item pt-cv-2-col\" ><h3 class=\"pt-cv-title\"><a href=\"https:\/\/www.dubona.cz\/de\/bezpecnostni-protipozarni-dvere-dubona-ht-dvere\/\" class=\"_self\" target=\"_self\" >Bezpe\u010dnostn\u00ed &#8211; protipo\u017e\u00e1rn\u00ed dve\u0159e DUBONA &#8211; HT Dve\u0159e<\/a><\/h3>\n<div class=\"pt-cv-content\">Nov\u011b nab\u00edz\u00edme tak\u00e9 bezpe\u010dnostn\u00ed dve\u0159e od na\u0161\u00ed partnersk\u00e9 spole\u010dnosti HT Dve\u0159e. Za\u0159\u00edd\u00edme komplexn\u00ed poradenstv\u00ed, mont\u00e1\u017e i n\u00e1sleduj\u00edc\u00ed servis. Postar\u00e1me se o zabezpe\u010den\u00ed va\u0161eho bytu i rodinn\u00e9ho domu.<br><i>Das Angebot ist derzeit nur f\u00fcr den Markt in der Tschechischen Republik verf\u00fcgbar.<\/i><br \/><div class=\"pt-cv-rmwrap\"><a href=\"https:\/\/www.dubona.cz\/de\/bezpecnostni-protipozarni-dvere-dubona-ht-dvere\/\" class=\"_self pt-cv-readmore btn btn-success\" target=\"_self\">das Ganze lesen<\/a><\/div><\/div><\/div>\n<div class=\"pt-cv-content-item pt-cv-2-col\" ><h3 class=\"pt-cv-title\"><a href=\"https:\/\/www.dubona.cz\/de\/news-small-home\/\" class=\"_self\" target=\"_self\" >NEU BEI UNS! Niedrigenergie-Einfamilienh\u00e4user schl\u00fcsselfertig<\/a><\/h3>\n<div class=\"pt-cv-content\">Auf Wunsch berechnen wir die Kosten der RD-Baureihe, atypisch nach Ihren Vorgaben, modifizierte Ausf\u00fchrungen und Modifikationen...<br \/><div class=\"pt-cv-rmwrap\"><a href=\"https:\/\/www.dubona.cz\/de\/news-small-home\/\" class=\"_self pt-cv-readmore btn btn-success\" target=\"_self\">das Ganze lesen<\/a><\/div><\/div><\/div>\n<div class=\"pt-cv-content-item pt-cv-2-col\" ><h3 class=\"pt-cv-title\"><a href=\"https:\/\/www.dubona.cz\/de\/news-renovace\/\" class=\"_self\" target=\"_self\" >Sanierung \u2013 Rekonstruktion von historisch wertvollen Geb\u00e4uden unter dem Schutz des Heimatamtes<\/a><\/h3>\n<div class=\"pt-cv-content\">Auf der Grundlage der Projektdokumentation der Arbeiten k\u00f6nnen wir beim Denkmalamt einen Zuschuss f\u00fcr Sie vereinbaren...<br \/><div class=\"pt-cv-rmwrap\"><a href=\"https:\/\/www.dubona.cz\/de\/news-renovace\/\" class=\"_self pt-cv-readmore btn btn-success\" target=\"_self\">das Ganze lesen<\/a><\/div><\/div><\/div>\n<div class=\"pt-cv-content-item pt-cv-2-col\" ><h3 class=\"pt-cv-title\"><a href=\"https:\/\/www.dubona.cz\/de\/proc-si-vybrat-zrovna-nasi-firmu\/\" class=\"_self\" target=\"_self\" >Warum gerade wir?<\/a><\/h3>\n<div class=\"pt-cv-content\">... wir m\u00f6gen den Geruch von Holz, wir bevorzugen nat\u00fcrliche Materialien \u2013 wir schaffen die W\u00e4rme Ihres Zuhauses.<br \/><div class=\"pt-cv-rmwrap\"><a href=\"https:\/\/www.dubona.cz\/de\/proc-si-vybrat-zrovna-nasi-firmu\/\" class=\"_self pt-cv-readmore btn btn-success\" target=\"_self\">das Ganze lesen<\/a><\/div><\/div><\/div><\/div><\/div><\/div>\t\t\t<style type=\"text\/css\" id=\"pt-cv-inline-style-48a89d29to\">\n#pt-cv-view-6bc8cf4y0h .pt-cv-thumb-wrapper:not(.miniwrap) { width: 30%; }#pt-cv-view-6bc8cf4y0h .pt-cv-thumbnail:not(.pt-cv-thumbnailsm) { height: 150px; }#pt-cv-view-6bc8cf4y0h > .pt-cv-page {grid-template-columns: repeat(1, 1fr);grid-gap: 15px;}\n@media all and (max-width: 1024px) { \n#pt-cv-view-6bc8cf4y0h > .pt-cv-page {grid-template-columns: repeat(1, 1fr);}\n} \n@media all and (max-width: 767px) { \n#pt-cv-view-6bc8cf4y0h > .pt-cv-page {grid-template-columns: repeat(1, 1fr);}\n} <\/style>\r\n\t\t\t\n\n\t\t<\/div>\n\t<\/div>\n<\/div><\/div><\/div><\/div>\n<\/div>","protected":false},"excerpt":{"rendered":"P\u0159edstavujeme nab\u00eddku plastov\u00fdch a&nbsp;hlin\u00edkov\u00fdch oken Z\u00e1ruka energetick\u00e9 \u00faspory a inovativn\u00ed technologie budoucnosi plastov\u00fdch oken a dve\u0159\u00ed ...p\u0159e\u010d\u00edst cel\u00e9 Bezpe\u010dnostn\u00ed &#8211; protipo\u017e\u00e1rn\u00ed dve\u0159e DUBONA &#8211; HT Dve\u0159e Nov\u011b nab\u00edz\u00edme tak\u00e9 bezpe\u010dnostn\u00ed dve\u0159e od na\u0161\u00ed partnersk\u00e9 spole\u010dnosti HT Dve\u0159e. Za\u0159\u00edd\u00edme komplexn\u00ed poradenstv\u00ed, mont\u00e1\u017e i n\u00e1sleduj\u00edc\u00ed servis. Postar\u00e1me se o zabezpe\u010den\u00ed va\u0161eho bytu i rodinn\u00e9ho domu. VA\u0160E BEZPE\u010cNOST [...]","protected":false},"author":1,"featured_media":0,"parent":0,"menu_order":0,"comment_status":"closed","ping_status":"closed","template":"","meta":{"footnotes":""},"class_list":["post-1842","page","type-page","status-publish","hentry"],"yoast_head":"<!-- This site is optimized with the Yoast SEO plugin v27.5 - https:\/\/yoast.com\/product\/yoast-seo-wordpress\/ -->\n<title>Novinky | DUBONA<\/title>\n<meta name=\"robots\" content=\"index, follow, max-snippet:-1, max-image-preview:large, max-video-preview:-1\" \/>\n<link rel=\"canonical\" href=\"https:\/\/www.dubona.cz\/de\/news\/\" \/>\n<meta property=\"og:locale\" content=\"de_DE\" \/>\n<meta property=\"og:type\" content=\"article\" \/>\n<meta property=\"og:title\" content=\"Novinky | DUBONA\" \/>\n<meta property=\"og:url\" content=\"https:\/\/www.dubona.cz\/de\/news\/\" \/>\n<meta property=\"og:site_name\" content=\"DUBONA\" \/>\n<meta property=\"article:modified_time\" content=\"2024-05-30T08:40:38+00:00\" \/>\n<meta name=\"twitter:card\" content=\"summary_large_image\" \/>\n<meta name=\"twitter:label1\" content=\"Gesch\u00e4tzte Lesezeit\" \/>\n\t<meta name=\"twitter:data1\" content=\"1\u00a0Minute\" \/>\n<script type=\"application\/ld+json\" class=\"yoast-schema-graph\">{\"@context\":\"https:\\\/\\\/schema.org\",\"@graph\":[{\"@type\":\"WebPage\",\"@id\":\"https:\\\/\\\/www.dubona.cz\\\/news\\\/\",\"url\":\"https:\\\/\\\/www.dubona.cz\\\/news\\\/\",\"name\":\"Novinky | DUBONA\",\"isPartOf\":{\"@id\":\"https:\\\/\\\/www.dubona.cz\\\/#website\"},\"datePublished\":\"2024-05-23T09:56:56+00:00\",\"dateModified\":\"2024-05-30T08:40:38+00:00\",\"breadcrumb\":{\"@id\":\"https:\\\/\\\/www.dubona.cz\\\/news\\\/#breadcrumb\"},\"inLanguage\":\"de\",\"potentialAction\":[{\"@type\":\"ReadAction\",\"target\":[\"https:\\\/\\\/www.dubona.cz\\\/news\\\/\"]}]},{\"@type\":\"BreadcrumbList\",\"@id\":\"https:\\\/\\\/www.dubona.cz\\\/news\\\/#breadcrumb\",\"itemListElement\":[{\"@type\":\"ListItem\",\"position\":1,\"name\":\"Dom\u016f\",\"item\":\"https:\\\/\\\/www.dubona.cz\\\/\"},{\"@type\":\"ListItem\",\"position\":2,\"name\":\"Novinky\"}]},{\"@type\":\"WebSite\",\"@id\":\"https:\\\/\\\/www.dubona.cz\\\/#website\",\"url\":\"https:\\\/\\\/www.dubona.cz\\\/\",\"name\":\"www.DUBONA.cz\",\"description\":\"profesion\u00e1ln\u00ed d\u0159evov\u00fdroba, v\u00fdstavba, rekonstrukce a poradenstv\u00ed\",\"publisher\":{\"@id\":\"https:\\\/\\\/www.dubona.cz\\\/#organization\"},\"potentialAction\":[{\"@type\":\"SearchAction\",\"target\":{\"@type\":\"EntryPoint\",\"urlTemplate\":\"https:\\\/\\\/www.dubona.cz\\\/?s={search_term_string}\"},\"query-input\":{\"@type\":\"PropertyValueSpecification\",\"valueRequired\":true,\"valueName\":\"search_term_string\"}}],\"inLanguage\":\"de\"},{\"@type\":\"Organization\",\"@id\":\"https:\\\/\\\/www.dubona.cz\\\/#organization\",\"name\":\"DUBONA s.r.o.\",\"url\":\"https:\\\/\\\/www.dubona.cz\\\/\",\"logo\":{\"@type\":\"ImageObject\",\"inLanguage\":\"de\",\"@id\":\"https:\\\/\\\/www.dubona.cz\\\/#\\\/schema\\\/logo\\\/image\\\/\",\"url\":\"https:\\\/\\\/www.dubona.cz\\\/wp-content\\\/uploads\\\/logo_dubona_transparent_ring_news.png\",\"contentUrl\":\"https:\\\/\\\/www.dubona.cz\\\/wp-content\\\/uploads\\\/logo_dubona_transparent_ring_news.png\",\"width\":150,\"height\":150,\"caption\":\"DUBONA s.r.o.\"},\"image\":{\"@id\":\"https:\\\/\\\/www.dubona.cz\\\/#\\\/schema\\\/logo\\\/image\\\/\"}}]}<\/script>\n<!-- \/ Yoast SEO plugin. -->","yoast_head_json":{"title":"Novinky | DUBONA","robots":{"index":"index","follow":"follow","max-snippet":"max-snippet:-1","max-image-preview":"max-image-preview:large","max-video-preview":"max-video-preview:-1"},"canonical":"https:\/\/www.dubona.cz\/de\/news\/","og_locale":"de_DE","og_type":"article","og_title":"Novinky | DUBONA","og_url":"https:\/\/www.dubona.cz\/de\/news\/","og_site_name":"DUBONA","article_modified_time":"2024-05-30T08:40:38+00:00","twitter_card":"summary_large_image","twitter_misc":{"Gesch\u00e4tzte Lesezeit":"1\u00a0Minute"},"schema":{"@context":"https:\/\/schema.org","@graph":[{"@type":"WebPage","@id":"https:\/\/www.dubona.cz\/news\/","url":"https:\/\/www.dubona.cz\/news\/","name":"Novinky | DUBONA","isPartOf":{"@id":"https:\/\/www.dubona.cz\/#website"},"datePublished":"2024-05-23T09:56:56+00:00","dateModified":"2024-05-30T08:40:38+00:00","breadcrumb":{"@id":"https:\/\/www.dubona.cz\/news\/#breadcrumb"},"inLanguage":"de","potentialAction":[{"@type":"ReadAction","target":["https:\/\/www.dubona.cz\/news\/"]}]},{"@type":"BreadcrumbList","@id":"https:\/\/www.dubona.cz\/news\/#breadcrumb","itemListElement":[{"@type":"ListItem","position":1,"name":"Dom\u016f","item":"https:\/\/www.dubona.cz\/"},{"@type":"ListItem","position":2,"name":"Novinky"}]},{"@type":"WebSite","@id":"https:\/\/www.dubona.cz\/#website","url":"https:\/\/www.dubona.cz\/","name":"www.DUBONA.cz","description":"profesion\u00e1ln\u00ed d\u0159evov\u00fdroba, v\u00fdstavba, rekonstrukce a poradenstv\u00ed","publisher":{"@id":"https:\/\/www.dubona.cz\/#organization"},"potentialAction":[{"@type":"SearchAction","target":{"@type":"EntryPoint","urlTemplate":"https:\/\/www.dubona.cz\/?s={search_term_string}"},"query-input":{"@type":"PropertyValueSpecification","valueRequired":true,"valueName":"search_term_string"}}],"inLanguage":"de"},{"@type":"Organization","@id":"https:\/\/www.dubona.cz\/#organization","name":"DUBONA GmbH","url":"https:\/\/www.dubona.cz\/","logo":{"@type":"ImageObject","inLanguage":"de","@id":"https:\/\/www.dubona.cz\/#\/schema\/logo\/image\/","url":"https:\/\/www.dubona.cz\/wp-content\/uploads\/logo_dubona_transparent_ring_news.png","contentUrl":"https:\/\/www.dubona.cz\/wp-content\/uploads\/logo_dubona_transparent_ring_news.png","width":150,"height":150,"caption":"DUBONA s.r.o."},"image":{"@id":"https:\/\/www.dubona.cz\/#\/schema\/logo\/image\/"}}]}},"_links":{"self":[{"href":"https:\/\/www.dubona.cz\/de\/wp-json\/wp\/v2\/pages\/1842","targetHints":{"allow":["GET"]}}],"collection":[{"href":"https:\/\/www.dubona.cz\/de\/wp-json\/wp\/v2\/pages"}],"about":[{"href":"https:\/\/www.dubona.cz\/de\/wp-json\/wp\/v2\/types\/page"}],"author":[{"embeddable":true,"href":"https:\/\/www.dubona.cz\/de\/wp-json\/wp\/v2\/users\/1"}],"replies":[{"embeddable":true,"href":"https:\/\/www.dubona.cz\/de\/wp-json\/wp\/v2\/comments?post=1842"}],"version-history":[{"count":2,"href":"https:\/\/www.dubona.cz\/de\/wp-json\/wp\/v2\/pages\/1842\/revisions"}],"predecessor-version":[{"id":1923,"href":"https:\/\/www.dubona.cz\/de\/wp-json\/wp\/v2\/pages\/1842\/revisions\/1923"}],"wp:attachment":[{"href":"https:\/\/www.dubona.cz\/de\/wp-json\/wp\/v2\/media?parent=1842"}],"curies":[{"name":"wp","href":"https:\/\/api.w.org\/{rel}","templated":true}]}}