{"id":800,"date":"2024-05-06T08:44:20","date_gmt":"2024-05-06T06:44:20","guid":{"rendered":"https:\/\/www.dubona.cz\/?page_id=800"},"modified":"2024-05-28T14:31:08","modified_gmt":"2024-05-28T12:31:08","slug":"gallery","status":"publish","type":"page","link":"https:\/\/www.dubona.cz\/cz\/gallery\/","title":{"rendered":"Galerie na\u0161ich zak\u00e1zek"},"content":{"rendered":"<div class=\"wpb-content-wrapper\"><div class=\"vc_row wpb_row vc_row-fluid vc_custom_1714813565976 vc_row-has-fill\"><div class=\"wpb_column vc_column_container vc_col-sm-12\"><div class=\"vc_column-inner\"><div class=\"wpb_wrapper\">\n\t<div class=\"wpb_text_column wpb_content_element\" >\n\t\t<div class=\"wpb_wrapper\">\n\t\t\t<p>V t\u00e9to sekci se V\u00e1m pomoc\u00ed fotografi\u00ed pokus\u00edme uk\u00e1zat odvedenou pr\u00e1ci na\u0161\u00ed firmy.<\/p>\n\n\t\t<\/div>\n\t<\/div>\n<div class=\"vc_row wpb_row vc_inner vc_row-fluid vc_custom_1716899208517 vc_row-has-fill\"><div class=\"wpb_column vc_column_container vc_col-sm-4\"><div class=\"vc_column-inner\"><div class=\"wpb_wrapper\">\n\t<div class=\"wpb_text_column wpb_content_element vc_custom_1716899346829\" >\n\t\t<div class=\"wpb_wrapper\">\n\t\t\t<div align=\"center\"><a href=\"dvere\"><img loading=\"lazy\" decoding=\"async\" class=\"aligncenter wp-image-925 size-thumbnail\" src=\"https:\/\/www.dubona.cz\/wp-content\/uploads\/dvere_115-150x150.jpg\" alt=\"\" width=\"150\" height=\"150\" \/>dve\u0159e<\/a><\/div>\n\n\t\t<\/div>\n\t<\/div>\n<\/div><\/div><\/div><div class=\"wpb_column vc_column_container vc_col-sm-4\"><div class=\"vc_column-inner\"><div class=\"wpb_wrapper\">\n\t<div class=\"wpb_text_column wpb_content_element vc_custom_1715063711315\" >\n\t\t<div class=\"wpb_wrapper\">\n\t\t\t<div align=\"center\"><a href=\"kuchyne\"><img loading=\"lazy\" decoding=\"async\" class=\"aligncenter wp-image-999 size-thumbnail\" src=\"https:\/\/www.dubona.cz\/wp-content\/uploads\/kuchyne_29-150x150.jpg\" alt=\"\" width=\"150\" height=\"150\" \/>kuchyn\u011b<\/a><\/div>\n\n\t\t<\/div>\n\t<\/div>\n<\/div><\/div><\/div><div class=\"wpb_column vc_column_container vc_col-sm-4\"><div class=\"vc_column-inner\"><div class=\"wpb_wrapper\">\n\t<div class=\"wpb_text_column wpb_content_element vc_custom_1716899425021\" >\n\t\t<div class=\"wpb_wrapper\">\n\t\t\t<div align=\"center\"><a href=\"nabytek\"><img loading=\"lazy\" decoding=\"async\" class=\"aligncenter wp-image-1035 size-thumbnail\" src=\"https:\/\/www.dubona.cz\/wp-content\/uploads\/nabytek_18-150x150.jpg\" alt=\"\" width=\"150\" height=\"150\" \/>n\u00e1bytek<\/a><\/div>\n\n\t\t<\/div>\n\t<\/div>\n<\/div><\/div><\/div><\/div><div class=\"vc_empty_space\"   style=\"height: 20px\"><span class=\"vc_empty_space_inner\"><\/span><\/div><div class=\"vc_row wpb_row vc_inner vc_row-fluid vc_custom_1716899219116 vc_row-has-fill\"><div class=\"wpb_column vc_column_container vc_col-sm-4\"><div class=\"vc_column-inner\"><div class=\"wpb_wrapper\">\n\t<div class=\"wpb_text_column wpb_content_element vc_custom_1715680874892\" >\n\t\t<div class=\"wpb_wrapper\">\n\t\t\t<div align=\"center\"><a href=\"okna\"><img loading=\"lazy\" decoding=\"async\" class=\"aligncenter wp-image-1087 size-thumbnail\" src=\"https:\/\/www.dubona.cz\/wp-content\/uploads\/okna_22-150x150.jpg\" alt=\"\" width=\"150\" height=\"150\" \/><\/a><a href=\"okna\">okna<\/a><\/div>\n\n\t\t<\/div>\n\t<\/div>\n<\/div><\/div><\/div><div class=\"wpb_column vc_column_container vc_col-sm-4\"><div class=\"vc_column-inner\"><div class=\"wpb_wrapper\">\n\t<div class=\"wpb_text_column wpb_content_element vc_custom_1716899435065\" >\n\t\t<div class=\"wpb_wrapper\">\n\t\t\t<div align=\"center\"><img loading=\"lazy\" decoding=\"async\" class=\"aligncenter wp-image-1235 size-thumbnail\" src=\"https:\/\/www.dubona.cz\/wp-content\/uploads\/vitraze_19-150x150.jpg\" alt=\"\" width=\"150\" height=\"150\" \/><a href=\"vitraze\">vitr\u00e1\u017ee<\/a><\/div>\n\n\t\t<\/div>\n\t<\/div>\n<\/div><\/div><\/div><div class=\"wpb_column vc_column_container vc_col-sm-4\"><div class=\"vc_column-inner\"><div class=\"wpb_wrapper\">\n\t<div class=\"wpb_text_column wpb_content_element vc_custom_1715681022873\" >\n\t\t<div class=\"wpb_wrapper\">\n\t\t\t<div align=\"center\"><a href=\"schodiste\"><img loading=\"lazy\" decoding=\"async\" class=\"aligncenter wp-image-1214 size-thumbnail\" src=\"https:\/\/www.dubona.cz\/wp-content\/uploads\/schody_31-150x150.jpg\" alt=\"\" width=\"150\" height=\"150\" \/><\/a><a href=\"schodiste\">schodi\u0161t\u011b<\/a><\/div>\n\n\t\t<\/div>\n\t<\/div>\n<\/div><\/div><\/div><\/div><div class=\"vc_empty_space\"   style=\"height: 20px\"><span class=\"vc_empty_space_inner\"><\/span><\/div><div class=\"vc_row wpb_row vc_inner vc_row-fluid vc_custom_1716899229337 vc_row-has-fill\"><div class=\"wpb_column vc_column_container vc_col-sm-4\"><div class=\"vc_column-inner\"><div class=\"wpb_wrapper\">\n\t<div class=\"wpb_text_column wpb_content_element vc_custom_1716899444546\" >\n\t\t<div class=\"wpb_wrapper\">\n\t\t\t<div align=\"center\"><a href=\"zimni-zahrady\"><img loading=\"lazy\" decoding=\"async\" class=\"aligncenter wp-image-1241 size-thumbnail\" src=\"https:\/\/www.dubona.cz\/wp-content\/uploads\/zimni-zahrada_05-150x150.jpg\" alt=\"\" width=\"150\" height=\"150\" \/><\/a><a href=\"zimni-zahrady\">zimn\u00ed zahrady<\/a><\/div>\n\n\t\t<\/div>\n\t<\/div>\n<\/div><\/div><\/div><div class=\"wpb_column vc_column_container vc_col-sm-4\"><div class=\"vc_column-inner\"><div class=\"wpb_wrapper\">\n\t<div class=\"wpb_text_column wpb_content_element vc_custom_1715770106904\" >\n\t\t<div class=\"wpb_wrapper\">\n\t\t\t<div align=\"center\"><a href=\"renovace\"><img loading=\"lazy\" decoding=\"async\" class=\"aligncenter wp-image-1284 size-thumbnail\" src=\"https:\/\/www.dubona.cz\/wp-content\/uploads\/renovace_003-150x150.jpg\" alt=\"\" width=\"150\" height=\"150\" \/><\/a><a href=\"renovace\">renovace<\/a><\/div>\n\n\t\t<\/div>\n\t<\/div>\n<\/div><\/div><\/div><div class=\"wpb_column vc_column_container vc_col-sm-4\"><div class=\"vc_column-inner\"><div class=\"wpb_wrapper\">\n\t<div class=\"wpb_text_column wpb_content_element vc_custom_1716899453961\" >\n\t\t<div class=\"wpb_wrapper\">\n\t\t\t<div align=\"center\"><a href=\"extra\"><img loading=\"lazy\" decoding=\"async\" class=\"aligncenter wp-image-1740 size-thumbnail\" src=\"https:\/\/www.dubona.cz\/wp-content\/uploads\/extra_116-150x150.jpg\" alt=\"\" width=\"150\" height=\"150\" \/><\/a><a href=\"extra\">speci\u00e1ln\u00ed v\u00fdroba<\/a><\/div>\n\n\t\t<\/div>\n\t<\/div>\n<\/div><\/div><\/div><\/div><div class=\"vc_empty_space\"   style=\"height: 20px\"><span class=\"vc_empty_space_inner\"><\/span><\/div><div class=\"vc_row wpb_row vc_inner vc_row-fluid vc_custom_1716899240326 vc_row-has-fill\"><div class=\"wpb_column vc_column_container vc_col-sm-12\"><div class=\"vc_column-inner\"><div class=\"wpb_wrapper\">\n\t<div class=\"wpb_text_column wpb_content_element vc_custom_1716899466313\" >\n\t\t<div class=\"wpb_wrapper\">\n\t\t\t<p>Sortiment, kter\u00fd nab\u00edz\u00edme:<\/p>\n<ul>\n<li>v\u00fdroba eurooken, jednoduch\u00fdch oken, \u0161paletov\u00fdch oken<\/li>\n<li>v\u00fdroba r\u016fzn\u00fdch druh\u016f samonosn\u00fdch schodi\u0161\u0165, obklad betonov\u00fdch schodi\u0161\u0165, renovace star\u00fdch schodi\u0161\u0165<\/li>\n<li>v\u00fdroba interi\u00e9r\u016f (\u017eidle, stoly, lavice, bary, obklady, n\u00e1bytek)<\/li>\n<li>renovace rouben\u00fdch chalup (v\u00fdm\u011bna star\u00fdch tr\u00e1m\u016f oken, dve\u0159\u00ed, podlah)<\/li>\n<li>v\u00fdroba pergol, zahradn\u00edho n\u00e1bytku<\/li>\n<li>v\u00fdroba kuchyn\u00ed vestav\u011bn\u00fdch sk\u0159\u00edn\u00ed, n\u00e1bytku<\/li>\n<\/ul>\n\n\t\t<\/div>\n\t<\/div>\n<\/div><\/div><\/div><\/div><div class=\"vc_empty_space\"   style=\"height: 32px\"><span class=\"vc_empty_space_inner\"><\/span><\/div><\/div><\/div><\/div><\/div>\n<\/div>","protected":false},"excerpt":{"rendered":"V t\u00e9to sekci se V\u00e1m pomoc\u00ed fotografi\u00ed pokus\u00edme uk\u00e1zat odvedenou pr\u00e1ci na\u0161\u00ed firmy. dve\u0159e kuchyn\u011b n\u00e1bytek okna vitr\u00e1\u017ee schodi\u0161t\u011b zimn\u00ed zahrady renovace speci\u00e1ln\u00ed v\u00fdroba Sortiment, kter\u00fd nab\u00edz\u00edme: v\u00fdroba eurooken, jednoduch\u00fdch oken, \u0161paletov\u00fdch oken v\u00fdroba r\u016fzn\u00fdch druh\u016f samonosn\u00fdch schodi\u0161\u0165, obklad betonov\u00fdch schodi\u0161\u0165, renovace star\u00fdch schodi\u0161\u0165 v\u00fdroba interi\u00e9r\u016f (\u017eidle, stoly, lavice, bary, obklady, n\u00e1bytek) renovace rouben\u00fdch chalup [...]","protected":false},"author":1,"featured_media":0,"parent":0,"menu_order":0,"comment_status":"closed","ping_status":"closed","template":"","meta":{"footnotes":""},"class_list":["post-800","page","type-page","status-publish","hentry"],"yoast_head":"<!-- This site is optimized with the Yoast SEO plugin v27.5 - https:\/\/yoast.com\/product\/yoast-seo-wordpress\/ -->\n<title>Galerie na\u0161ich zak\u00e1zek | DUBONA<\/title>\n<meta name=\"robots\" content=\"index, follow, max-snippet:-1, max-image-preview:large, max-video-preview:-1\" \/>\n<link rel=\"canonical\" href=\"https:\/\/www.dubona.cz\/cz\/gallery\/\" \/>\n<meta property=\"og:locale\" content=\"cs_CZ\" \/>\n<meta property=\"og:type\" content=\"article\" \/>\n<meta property=\"og:title\" content=\"Galerie na\u0161ich zak\u00e1zek | DUBONA\" \/>\n<meta property=\"og:url\" content=\"https:\/\/www.dubona.cz\/cz\/gallery\/\" \/>\n<meta property=\"og:site_name\" content=\"DUBONA\" \/>\n<meta property=\"article:modified_time\" content=\"2024-05-28T12:31:08+00:00\" \/>\n<meta property=\"og:image\" content=\"https:\/\/www.dubona.cz\/wp-content\/uploads\/dvere_115-150x150.jpg\" \/>\n<meta name=\"twitter:card\" content=\"summary_large_image\" \/>\n<meta name=\"twitter:label1\" content=\"Odhadovan\u00e1 doba \u010dten\u00ed\" \/>\n\t<meta name=\"twitter:data1\" content=\"4 minuty\" \/>\n<script type=\"application\/ld+json\" class=\"yoast-schema-graph\">{\"@context\":\"https:\\\/\\\/schema.org\",\"@graph\":[{\"@type\":\"WebPage\",\"@id\":\"https:\\\/\\\/www.dubona.cz\\\/gallery\\\/\",\"url\":\"https:\\\/\\\/www.dubona.cz\\\/gallery\\\/\",\"name\":\"Galerie na\u0161ich zak\u00e1zek | DUBONA\",\"isPartOf\":{\"@id\":\"https:\\\/\\\/www.dubona.cz\\\/#website\"},\"primaryImageOfPage\":{\"@id\":\"https:\\\/\\\/www.dubona.cz\\\/gallery\\\/#primaryimage\"},\"image\":{\"@id\":\"https:\\\/\\\/www.dubona.cz\\\/gallery\\\/#primaryimage\"},\"thumbnailUrl\":\"https:\\\/\\\/www.dubona.cz\\\/wp-content\\\/uploads\\\/dvere_115-150x150.jpg\",\"datePublished\":\"2024-05-06T06:44:20+00:00\",\"dateModified\":\"2024-05-28T12:31:08+00:00\",\"breadcrumb\":{\"@id\":\"https:\\\/\\\/www.dubona.cz\\\/gallery\\\/#breadcrumb\"},\"inLanguage\":\"cs\",\"potentialAction\":[{\"@type\":\"ReadAction\",\"target\":[\"https:\\\/\\\/www.dubona.cz\\\/gallery\\\/\"]}]},{\"@type\":\"ImageObject\",\"inLanguage\":\"cs\",\"@id\":\"https:\\\/\\\/www.dubona.cz\\\/gallery\\\/#primaryimage\",\"url\":\"https:\\\/\\\/www.dubona.cz\\\/wp-content\\\/uploads\\\/dvere_115-150x150.jpg\",\"contentUrl\":\"https:\\\/\\\/www.dubona.cz\\\/wp-content\\\/uploads\\\/dvere_115-150x150.jpg\"},{\"@type\":\"BreadcrumbList\",\"@id\":\"https:\\\/\\\/www.dubona.cz\\\/gallery\\\/#breadcrumb\",\"itemListElement\":[{\"@type\":\"ListItem\",\"position\":1,\"name\":\"Dom\u016f\",\"item\":\"https:\\\/\\\/www.dubona.cz\\\/\"},{\"@type\":\"ListItem\",\"position\":2,\"name\":\"Galerie na\u0161ich zak\u00e1zek\"}]},{\"@type\":\"WebSite\",\"@id\":\"https:\\\/\\\/www.dubona.cz\\\/#website\",\"url\":\"https:\\\/\\\/www.dubona.cz\\\/\",\"name\":\"www.DUBONA.cz\",\"description\":\"profesion\u00e1ln\u00ed d\u0159evov\u00fdroba, v\u00fdstavba, rekonstrukce a poradenstv\u00ed\",\"publisher\":{\"@id\":\"https:\\\/\\\/www.dubona.cz\\\/#organization\"},\"potentialAction\":[{\"@type\":\"SearchAction\",\"target\":{\"@type\":\"EntryPoint\",\"urlTemplate\":\"https:\\\/\\\/www.dubona.cz\\\/?s={search_term_string}\"},\"query-input\":{\"@type\":\"PropertyValueSpecification\",\"valueRequired\":true,\"valueName\":\"search_term_string\"}}],\"inLanguage\":\"cs\"},{\"@type\":\"Organization\",\"@id\":\"https:\\\/\\\/www.dubona.cz\\\/#organization\",\"name\":\"DUBONA s.r.o.\",\"url\":\"https:\\\/\\\/www.dubona.cz\\\/\",\"logo\":{\"@type\":\"ImageObject\",\"inLanguage\":\"cs\",\"@id\":\"https:\\\/\\\/www.dubona.cz\\\/#\\\/schema\\\/logo\\\/image\\\/\",\"url\":\"https:\\\/\\\/www.dubona.cz\\\/wp-content\\\/uploads\\\/logo_dubona_transparent_ring_news.png\",\"contentUrl\":\"https:\\\/\\\/www.dubona.cz\\\/wp-content\\\/uploads\\\/logo_dubona_transparent_ring_news.png\",\"width\":150,\"height\":150,\"caption\":\"DUBONA s.r.o.\"},\"image\":{\"@id\":\"https:\\\/\\\/www.dubona.cz\\\/#\\\/schema\\\/logo\\\/image\\\/\"}}]}<\/script>\n<!-- \/ Yoast SEO plugin. -->","yoast_head_json":{"title":"Galerie na\u0161ich zak\u00e1zek | DUBONA","robots":{"index":"index","follow":"follow","max-snippet":"max-snippet:-1","max-image-preview":"max-image-preview:large","max-video-preview":"max-video-preview:-1"},"canonical":"https:\/\/www.dubona.cz\/cz\/gallery\/","og_locale":"cs_CZ","og_type":"article","og_title":"Galerie na\u0161ich zak\u00e1zek | DUBONA","og_url":"https:\/\/www.dubona.cz\/cz\/gallery\/","og_site_name":"DUBONA","article_modified_time":"2024-05-28T12:31:08+00:00","og_image":[{"url":"https:\/\/www.dubona.cz\/wp-content\/uploads\/dvere_115-150x150.jpg","type":"","width":"","height":""}],"twitter_card":"summary_large_image","twitter_misc":{"Odhadovan\u00e1 doba \u010dten\u00ed":"4 minuty"},"schema":{"@context":"https:\/\/schema.org","@graph":[{"@type":"WebPage","@id":"https:\/\/www.dubona.cz\/gallery\/","url":"https:\/\/www.dubona.cz\/gallery\/","name":"Galerie na\u0161ich zak\u00e1zek | DUBONA","isPartOf":{"@id":"https:\/\/www.dubona.cz\/#website"},"primaryImageOfPage":{"@id":"https:\/\/www.dubona.cz\/gallery\/#primaryimage"},"image":{"@id":"https:\/\/www.dubona.cz\/gallery\/#primaryimage"},"thumbnailUrl":"https:\/\/www.dubona.cz\/wp-content\/uploads\/dvere_115-150x150.jpg","datePublished":"2024-05-06T06:44:20+00:00","dateModified":"2024-05-28T12:31:08+00:00","breadcrumb":{"@id":"https:\/\/www.dubona.cz\/gallery\/#breadcrumb"},"inLanguage":"cs","potentialAction":[{"@type":"ReadAction","target":["https:\/\/www.dubona.cz\/gallery\/"]}]},{"@type":"ImageObject","inLanguage":"cs","@id":"https:\/\/www.dubona.cz\/gallery\/#primaryimage","url":"https:\/\/www.dubona.cz\/wp-content\/uploads\/dvere_115-150x150.jpg","contentUrl":"https:\/\/www.dubona.cz\/wp-content\/uploads\/dvere_115-150x150.jpg"},{"@type":"BreadcrumbList","@id":"https:\/\/www.dubona.cz\/gallery\/#breadcrumb","itemListElement":[{"@type":"ListItem","position":1,"name":"Dom\u016f","item":"https:\/\/www.dubona.cz\/"},{"@type":"ListItem","position":2,"name":"Galerie na\u0161ich zak\u00e1zek"}]},{"@type":"WebSite","@id":"https:\/\/www.dubona.cz\/#website","url":"https:\/\/www.dubona.cz\/","name":"www.DUBONA.cz","description":"profesion\u00e1ln\u00ed d\u0159evov\u00fdroba, v\u00fdstavba, rekonstrukce a poradenstv\u00ed","publisher":{"@id":"https:\/\/www.dubona.cz\/#organization"},"potentialAction":[{"@type":"SearchAction","target":{"@type":"EntryPoint","urlTemplate":"https:\/\/www.dubona.cz\/?s={search_term_string}"},"query-input":{"@type":"PropertyValueSpecification","valueRequired":true,"valueName":"search_term_string"}}],"inLanguage":"cs"},{"@type":"Organization","@id":"https:\/\/www.dubona.cz\/#organization","name":"DUBONA s.r.o.","url":"https:\/\/www.dubona.cz\/","logo":{"@type":"ImageObject","inLanguage":"cs","@id":"https:\/\/www.dubona.cz\/#\/schema\/logo\/image\/","url":"https:\/\/www.dubona.cz\/wp-content\/uploads\/logo_dubona_transparent_ring_news.png","contentUrl":"https:\/\/www.dubona.cz\/wp-content\/uploads\/logo_dubona_transparent_ring_news.png","width":150,"height":150,"caption":"DUBONA s.r.o."},"image":{"@id":"https:\/\/www.dubona.cz\/#\/schema\/logo\/image\/"}}]}},"_links":{"self":[{"href":"https:\/\/www.dubona.cz\/cz\/wp-json\/wp\/v2\/pages\/800","targetHints":{"allow":["GET"]}}],"collection":[{"href":"https:\/\/www.dubona.cz\/cz\/wp-json\/wp\/v2\/pages"}],"about":[{"href":"https:\/\/www.dubona.cz\/cz\/wp-json\/wp\/v2\/types\/page"}],"author":[{"embeddable":true,"href":"https:\/\/www.dubona.cz\/cz\/wp-json\/wp\/v2\/users\/1"}],"replies":[{"embeddable":true,"href":"https:\/\/www.dubona.cz\/cz\/wp-json\/wp\/v2\/comments?post=800"}],"version-history":[{"count":2,"href":"https:\/\/www.dubona.cz\/cz\/wp-json\/wp\/v2\/pages\/800\/revisions"}],"predecessor-version":[{"id":1880,"href":"https:\/\/www.dubona.cz\/cz\/wp-json\/wp\/v2\/pages\/800\/revisions\/1880"}],"wp:attachment":[{"href":"https:\/\/www.dubona.cz\/cz\/wp-json\/wp\/v2\/media?parent=800"}],"curies":[{"name":"wp","href":"https:\/\/api.w.org\/{rel}","templated":true}]}}