{"id":737,"date":"2024-05-15T12:00:19","date_gmt":"2024-05-15T10:00:19","guid":{"rendered":"https:\/\/gutenix.com\/demo\/free\/gutenberg\/school\/?page_id=3"},"modified":"2024-05-15T12:32:53","modified_gmt":"2024-05-15T10:32:53","slug":"privacy-policy","status":"publish","type":"page","link":"https:\/\/www.dubona.cz\/cz\/privacy-policy\/","title":{"rendered":"Privacy Policy"},"content":{"rendered":"<div class=\"wpb-content-wrapper\"><div class=\"vc_row wpb_row vc_row-fluid vc_custom_1715768522717 vc_row-has-fill\"><div class=\"wpb_column vc_column_container vc_col-sm-12\"><div class=\"vc_column-inner\"><div class=\"wpb_wrapper\">\n\t<div class=\"wpb_text_column wpb_content_element\" >\n\t\t<div class=\"wpb_wrapper\">\n\t\t\t<p><strong>Kdo jsme<\/strong><\/p>\n<p>Na\u0161e webov\u00e1 adresa je: https:\/\/www.dubona.cz<\/p>\n<p><strong>Soubory cookie<\/strong><\/p>\n<p>Redak\u010dn\u00ed syst\u00e9m tohoto webu si ve prohl\u00ed\u017ee\u010di ukl\u00e1d\u00e1 pouze funk\u010dn\u00ed cookies pot\u0159ebn\u00e9 k&nbsp;tomu, aby dok\u00e1zal str\u00e1nku spr\u00e1vn\u011b zobrazit.<\/p>\n<p><strong>Vlo\u017een\u00fd obsah z&nbsp;jin\u00fdch webov\u00fdch str\u00e1nek<\/strong><\/p>\n<p>\u010cl\u00e1nky na tomto webu mohou obsahovat vlo\u017een\u00fd obsah (nap\u0159.&nbsp;videa, obr\u00e1zky, \u010dl\u00e1nky atd.). Vlo\u017een\u00fd obsah z&nbsp;jin\u00fdch webov\u00fdch str\u00e1nek se chov\u00e1 \u00fapln\u011b stejn\u011b, jako kdyby n\u00e1v\u0161t\u011bvn\u00edk nav\u0161t\u00edvil jinou webovou str\u00e1nku. Tyto webov\u00e9 str\u00e1nky mohou shroma\u017e\u010fovat \u00fadaje o&nbsp;v\u00e1s, pou\u017e\u00edvat soubory cookie, vkl\u00e1dat dal\u0161\u00ed sledov\u00e1n\u00ed t\u0159et\u00edch stran a&nbsp;monitorovat va\u0161i interakci s&nbsp;t\u00edmto vlo\u017een\u00fdm obsahem, v\u010detn\u011b sledov\u00e1n\u00ed va\u0161\u00ed interakce s&nbsp;vlo\u017een\u00fdm obsahem, pokud m\u00e1te \u00fa\u010det a&nbsp;jste na dan\u00e9 webov\u00e9 str\u00e1nce p\u0159ihl\u00e1\u0161eni.<\/p>\n<p><strong>S k\u00fdm sd\u00edl\u00edme va\u0161e \u00fadaje<\/strong><\/p>\n<p>Nesd\u00edl\u00edme.<\/p>\n<p><strong>Jak dlouho va\u0161e \u00fadaje uchov\u00e1v\u00e1me<\/strong><\/p>\n<p>Neuchov\u00e1v\u00e1me.<\/p>\n<p><strong>Jak\u00e1 pr\u00e1va m\u00e1te nad sv\u00fdmi \u00fadaji<\/strong><\/p>\n<p>Pokud m\u00e1te \u00fa\u010det na t\u00e9to str\u00e1nce nebo jste zanechali koment\u00e1\u0159e, m\u016f\u017eete po\u017e\u00e1dat o&nbsp;zasl\u00e1n\u00ed exportovan\u00e9ho souboru osobn\u00edch \u00fadaj\u016f, kter\u00e9 o&nbsp;v\u00e1s uchov\u00e1v\u00e1me, v\u010detn\u011b v\u0161ech \u00fadaj\u016f, kter\u00e9 jste n\u00e1m poskytli. M\u016f\u017eete tak\u00e9 po\u017e\u00e1dat, abychom vymazali ve\u0161ker\u00e9 osobn\u00ed \u00fadaje, kter\u00e9 o&nbsp;v\u00e1s uchov\u00e1v\u00e1me. To nezahrnuje \u017e\u00e1dn\u00e9 \u00fadaje, kter\u00e9 jsme povinni uchov\u00e1vat pro administrativn\u00ed, pr\u00e1vn\u00ed nebo bezpe\u010dnostn\u00ed \u00fa\u010dely. Nen\u00ed povoleno p\u0159id\u00e1vat koment\u00e1\u0159e, tyto \u00fadaje se neshroma\u017e\u010fuj\u00ed.<\/p>\n<p><strong>Kam pos\u00edl\u00e1me va\u0161e \u00fadaje<\/strong><\/p>\n<p>Nepos\u00edl\u00e1me, nesd\u00edl\u00edme.<\/p>\n\n\t\t<\/div>\n\t<\/div>\n<\/div><\/div><\/div><\/div>\n<\/div>","protected":false},"excerpt":{"rendered":"Kdo jsme Na\u0161e webov\u00e1 adresa je: https:\/\/www.dubona.cz Soubory cookie Redak\u010dn\u00ed syst\u00e9m tohoto webu si ve prohl\u00ed\u017ee\u010di ukl\u00e1d\u00e1 pouze funk\u010dn\u00ed cookies pot\u0159ebn\u00e9 k tomu, aby dok\u00e1zal str\u00e1nku spr\u00e1vn\u011b zobrazit. Vlo\u017een\u00fd obsah z jin\u00fdch webov\u00fdch str\u00e1nek \u010cl\u00e1nky na tomto webu mohou obsahovat vlo\u017een\u00fd obsah (nap\u0159. videa, obr\u00e1zky, \u010dl\u00e1nky atd.). Vlo\u017een\u00fd obsah z jin\u00fdch webov\u00fdch str\u00e1nek se chov\u00e1 [...]","protected":false},"author":1,"featured_media":0,"parent":0,"menu_order":0,"comment_status":"closed","ping_status":"open","template":"","meta":{"footnotes":""},"class_list":["post-737","page","type-page","status-publish","hentry"],"yoast_head":"<!-- This site is optimized with the Yoast SEO plugin v27.5 - https:\/\/yoast.com\/product\/yoast-seo-wordpress\/ -->\n<title>Privacy Policy | DUBONA<\/title>\n<meta name=\"description\" content=\"Privacy policy\" \/>\n<meta name=\"robots\" content=\"index, follow, max-snippet:-1, max-image-preview:large, max-video-preview:-1\" \/>\n<link rel=\"canonical\" href=\"https:\/\/www.dubona.cz\/cz\/privacy-policy\/\" \/>\n<meta property=\"og:locale\" content=\"cs_CZ\" \/>\n<meta property=\"og:type\" content=\"article\" \/>\n<meta property=\"og:title\" content=\"Privacy Policy | DUBONA\" \/>\n<meta property=\"og:description\" content=\"Privacy policy\" \/>\n<meta property=\"og:url\" content=\"https:\/\/www.dubona.cz\/cz\/privacy-policy\/\" \/>\n<meta property=\"og:site_name\" content=\"DUBONA\" \/>\n<meta property=\"article:modified_time\" content=\"2024-05-15T10:32:53+00:00\" \/>\n<meta name=\"twitter:card\" content=\"summary_large_image\" \/>\n<meta name=\"twitter:label1\" content=\"Odhadovan\u00e1 doba \u010dten\u00ed\" \/>\n\t<meta name=\"twitter:data1\" content=\"2 minuty\" \/>\n<script type=\"application\/ld+json\" class=\"yoast-schema-graph\">{\"@context\":\"https:\\\/\\\/schema.org\",\"@graph\":[{\"@type\":\"WebPage\",\"@id\":\"https:\\\/\\\/www.dubona.cz\\\/privacy-policy\\\/\",\"url\":\"https:\\\/\\\/www.dubona.cz\\\/privacy-policy\\\/\",\"name\":\"Privacy Policy | DUBONA\",\"isPartOf\":{\"@id\":\"https:\\\/\\\/www.dubona.cz\\\/#website\"},\"datePublished\":\"2024-05-15T10:00:19+00:00\",\"dateModified\":\"2024-05-15T10:32:53+00:00\",\"description\":\"Privacy policy\",\"breadcrumb\":{\"@id\":\"https:\\\/\\\/www.dubona.cz\\\/privacy-policy\\\/#breadcrumb\"},\"inLanguage\":\"cs\",\"potentialAction\":[{\"@type\":\"ReadAction\",\"target\":[\"https:\\\/\\\/www.dubona.cz\\\/privacy-policy\\\/\"]}]},{\"@type\":\"BreadcrumbList\",\"@id\":\"https:\\\/\\\/www.dubona.cz\\\/privacy-policy\\\/#breadcrumb\",\"itemListElement\":[{\"@type\":\"ListItem\",\"position\":1,\"name\":\"Dom\u016f\",\"item\":\"https:\\\/\\\/www.dubona.cz\\\/\"},{\"@type\":\"ListItem\",\"position\":2,\"name\":\"Privacy Policy\"}]},{\"@type\":\"WebSite\",\"@id\":\"https:\\\/\\\/www.dubona.cz\\\/#website\",\"url\":\"https:\\\/\\\/www.dubona.cz\\\/\",\"name\":\"www.DUBONA.cz\",\"description\":\"profesion\u00e1ln\u00ed d\u0159evov\u00fdroba, v\u00fdstavba, rekonstrukce a poradenstv\u00ed\",\"publisher\":{\"@id\":\"https:\\\/\\\/www.dubona.cz\\\/#organization\"},\"potentialAction\":[{\"@type\":\"SearchAction\",\"target\":{\"@type\":\"EntryPoint\",\"urlTemplate\":\"https:\\\/\\\/www.dubona.cz\\\/?s={search_term_string}\"},\"query-input\":{\"@type\":\"PropertyValueSpecification\",\"valueRequired\":true,\"valueName\":\"search_term_string\"}}],\"inLanguage\":\"cs\"},{\"@type\":\"Organization\",\"@id\":\"https:\\\/\\\/www.dubona.cz\\\/#organization\",\"name\":\"DUBONA s.r.o.\",\"url\":\"https:\\\/\\\/www.dubona.cz\\\/\",\"logo\":{\"@type\":\"ImageObject\",\"inLanguage\":\"cs\",\"@id\":\"https:\\\/\\\/www.dubona.cz\\\/#\\\/schema\\\/logo\\\/image\\\/\",\"url\":\"https:\\\/\\\/www.dubona.cz\\\/wp-content\\\/uploads\\\/logo_dubona_transparent_ring_news.png\",\"contentUrl\":\"https:\\\/\\\/www.dubona.cz\\\/wp-content\\\/uploads\\\/logo_dubona_transparent_ring_news.png\",\"width\":150,\"height\":150,\"caption\":\"DUBONA s.r.o.\"},\"image\":{\"@id\":\"https:\\\/\\\/www.dubona.cz\\\/#\\\/schema\\\/logo\\\/image\\\/\"}}]}<\/script>\n<!-- \/ Yoast SEO plugin. -->","yoast_head_json":{"title":"Privacy Policy | DUBONA","description":"Privacy policy","robots":{"index":"index","follow":"follow","max-snippet":"max-snippet:-1","max-image-preview":"max-image-preview:large","max-video-preview":"max-video-preview:-1"},"canonical":"https:\/\/www.dubona.cz\/cz\/privacy-policy\/","og_locale":"cs_CZ","og_type":"article","og_title":"Privacy Policy | DUBONA","og_description":"Privacy policy","og_url":"https:\/\/www.dubona.cz\/cz\/privacy-policy\/","og_site_name":"DUBONA","article_modified_time":"2024-05-15T10:32:53+00:00","twitter_card":"summary_large_image","twitter_misc":{"Odhadovan\u00e1 doba \u010dten\u00ed":"2 minuty"},"schema":{"@context":"https:\/\/schema.org","@graph":[{"@type":"WebPage","@id":"https:\/\/www.dubona.cz\/privacy-policy\/","url":"https:\/\/www.dubona.cz\/privacy-policy\/","name":"Privacy Policy | DUBONA","isPartOf":{"@id":"https:\/\/www.dubona.cz\/#website"},"datePublished":"2024-05-15T10:00:19+00:00","dateModified":"2024-05-15T10:32:53+00:00","description":"Privacy policy","breadcrumb":{"@id":"https:\/\/www.dubona.cz\/privacy-policy\/#breadcrumb"},"inLanguage":"cs","potentialAction":[{"@type":"ReadAction","target":["https:\/\/www.dubona.cz\/privacy-policy\/"]}]},{"@type":"BreadcrumbList","@id":"https:\/\/www.dubona.cz\/privacy-policy\/#breadcrumb","itemListElement":[{"@type":"ListItem","position":1,"name":"Dom\u016f","item":"https:\/\/www.dubona.cz\/"},{"@type":"ListItem","position":2,"name":"Privacy Policy"}]},{"@type":"WebSite","@id":"https:\/\/www.dubona.cz\/#website","url":"https:\/\/www.dubona.cz\/","name":"www.DUBONA.cz","description":"profesion\u00e1ln\u00ed d\u0159evov\u00fdroba, v\u00fdstavba, rekonstrukce a poradenstv\u00ed","publisher":{"@id":"https:\/\/www.dubona.cz\/#organization"},"potentialAction":[{"@type":"SearchAction","target":{"@type":"EntryPoint","urlTemplate":"https:\/\/www.dubona.cz\/?s={search_term_string}"},"query-input":{"@type":"PropertyValueSpecification","valueRequired":true,"valueName":"search_term_string"}}],"inLanguage":"cs"},{"@type":"Organization","@id":"https:\/\/www.dubona.cz\/#organization","name":"DUBONA s.r.o.","url":"https:\/\/www.dubona.cz\/","logo":{"@type":"ImageObject","inLanguage":"cs","@id":"https:\/\/www.dubona.cz\/#\/schema\/logo\/image\/","url":"https:\/\/www.dubona.cz\/wp-content\/uploads\/logo_dubona_transparent_ring_news.png","contentUrl":"https:\/\/www.dubona.cz\/wp-content\/uploads\/logo_dubona_transparent_ring_news.png","width":150,"height":150,"caption":"DUBONA s.r.o."},"image":{"@id":"https:\/\/www.dubona.cz\/#\/schema\/logo\/image\/"}}]}},"_links":{"self":[{"href":"https:\/\/www.dubona.cz\/cz\/wp-json\/wp\/v2\/pages\/737","targetHints":{"allow":["GET"]}}],"collection":[{"href":"https:\/\/www.dubona.cz\/cz\/wp-json\/wp\/v2\/pages"}],"about":[{"href":"https:\/\/www.dubona.cz\/cz\/wp-json\/wp\/v2\/types\/page"}],"author":[{"embeddable":true,"href":"https:\/\/www.dubona.cz\/cz\/wp-json\/wp\/v2\/users\/1"}],"replies":[{"embeddable":true,"href":"https:\/\/www.dubona.cz\/cz\/wp-json\/wp\/v2\/comments?post=737"}],"version-history":[{"count":0,"href":"https:\/\/www.dubona.cz\/cz\/wp-json\/wp\/v2\/pages\/737\/revisions"}],"wp:attachment":[{"href":"https:\/\/www.dubona.cz\/cz\/wp-json\/wp\/v2\/media?parent=737"}],"curies":[{"name":"wp","href":"https:\/\/api.w.org\/{rel}","templated":true}]}}