{"id":1539,"date":"2024-05-15T11:47:54","date_gmt":"2024-05-15T09:47:54","guid":{"rendered":"https:\/\/www.dubona.cz\/?page_id=1539"},"modified":"2024-09-19T10:06:54","modified_gmt":"2024-09-19T08:06:54","slug":"kontakt","status":"publish","type":"page","link":"https:\/\/www.dubona.cz\/cz\/kontakt\/","title":{"rendered":"Kontakt &#8211; veden\u00ed spole\u010dnosti"},"content":{"rendered":"<div class=\"wpb-content-wrapper\"><div class=\"vc_row wpb_row vc_row-fluid vc_custom_1716898604787 vc_row-has-fill\"><div class=\"wpb_column vc_column_container vc_col-sm-12\"><div class=\"vc_column-inner\"><div class=\"wpb_wrapper\"><div class=\"vc_row wpb_row vc_inner vc_row-fluid vc_custom_1715763148247 vc_row-has-fill\"><div class=\"wpb_column vc_column_container vc_col-sm-6\"><div class=\"vc_column-inner\"><div class=\"wpb_wrapper\"><div class=\"vc_separator wpb_content_element vc_separator_align_left vc_sep_width_100 vc_sep_shadow vc_sep_pos_align_left wpb_content_element vc_separator-has-text\" ><span class=\"vc_sep_holder vc_sep_holder_l\"><span style=\"color:#762f13;\" class=\"vc_sep_line\"><\/span><\/span><div class=\"vc_icon_element vc_icon_element-outer vc_do_icon vc_icon_element-align-left\"><div class=\"vc_icon_element-inner vc_icon_element-color-custom vc_icon_element-size-sm vc_icon_element-style- vc_icon_element-background-color-grey\" ><span class=\"vc_icon_element-icon far fa-user\" style=\"color:#762f13 !important\"><\/span><\/div><\/div><h4>Jednatel<\/h4><span class=\"vc_sep_holder vc_sep_holder_r\"><span style=\"color:#762f13;\" class=\"vc_sep_line\"><\/span><\/span>\n<\/div>\n\t<div class=\"wpb_text_column wpb_content_element vc_custom_1716985392554\" >\n\t\t<div class=\"wpb_wrapper\">\n\t\t\t<table border=\"0\" width=\"100%\" cellspacing=\"0\" cellpadding=\"0\">\n<tbody>\n<tr>\n<td colspan=\"2\"><strong>Ing. Ji\u0159\u00ed Doubek<\/strong><\/td>\n<\/tr>\n<tr>\n<td>tel.:<\/td>\n<td><small>(+420)<\/small>\u00a0<a href=\"tel:+420736774004\">736\u00a0774\u00a0004<\/a><\/td>\n<\/tr>\n<tr>\n<td>e-mail:<\/td>\n<td><a href=\"mailto:doubek.j@dubona.cz\"><small>doubek.j@dubona.cz<\/small><\/a><\/td>\n<\/tr>\n<tr>\n<td colspan=\"2\"><small>[CZ]<\/small><\/td>\n<\/tr>\n<tr>\n<td colspan=\"2\" align=\"right\"><a href=\"https:\/\/www.dubona.cz\/wp-content\/uploads\/QR-doubek.png\"><img loading=\"lazy\" decoding=\"async\" class=\"alignnone wp-image-1910\" src=\"https:\/\/www.dubona.cz\/wp-content\/uploads\/QR-doubek-300x300.png\" alt=\"QR\" width=\"30\" height=\"30\" srcset=\"https:\/\/www.dubona.cz\/wp-content\/uploads\/QR-doubek-300x300.png 300w, https:\/\/www.dubona.cz\/wp-content\/uploads\/QR-doubek-150x150.png 150w, https:\/\/www.dubona.cz\/wp-content\/uploads\/QR-doubek-12x12.png 12w, https:\/\/www.dubona.cz\/wp-content\/uploads\/QR-doubek.png 500w\" sizes=\"auto, (max-width: 30px) 100vw, 30px\" \/><\/a><\/td>\n<\/tr>\n<\/tbody>\n<\/table>\n\n\t\t<\/div>\n\t<\/div>\n<\/div><\/div><\/div><div class=\"wpb_column vc_column_container vc_col-sm-6\"><div class=\"vc_column-inner\"><div class=\"wpb_wrapper\"><div class=\"vc_separator wpb_content_element vc_separator_align_left vc_sep_width_100 vc_sep_shadow vc_sep_pos_align_left wpb_content_element vc_separator-has-text\" ><span class=\"vc_sep_holder vc_sep_holder_l\"><span style=\"color:#762f13;\" class=\"vc_sep_line\"><\/span><\/span><div class=\"vc_icon_element vc_icon_element-outer vc_do_icon vc_icon_element-align-left\"><div class=\"vc_icon_element-inner vc_icon_element-color-custom vc_icon_element-size-sm vc_icon_element-style- vc_icon_element-background-color-grey\" ><span class=\"vc_icon_element-icon far fa-user\" style=\"color:#762f13 !important\"><\/span><\/div><\/div><h4>Obchodn\u00ed konzultant<\/h4><span class=\"vc_sep_holder vc_sep_holder_r\"><span style=\"color:#762f13;\" class=\"vc_sep_line\"><\/span><\/span>\n<\/div>\n\t<div class=\"wpb_text_column wpb_content_element vc_custom_1716985459621\" >\n\t\t<div class=\"wpb_wrapper\">\n\t\t\t<table border=\"0\" width=\"100%\" cellspacing=\"0\" cellpadding=\"0\">\n<tbody>\n<tr>\n<td colspan=\"2\"><strong>P\u0159emysl Po\u017e\u00e1r<\/strong><\/td>\n<\/tr>\n<tr>\n<td>tel.:<\/td>\n<td><small>(+420)<\/small>\u00a0<a href=\"tel:+420720969121\">720\u00a0969\u00a0121<\/a><\/td>\n<\/tr>\n<tr>\n<td>e-mail:<\/td>\n<td><a href=\"mailto:pozar@dubona.cz\"><small>pozar@dubona.cz<\/small><\/a><\/td>\n<\/tr>\n<tr>\n<td colspan=\"2\"><small>[CZ]|[DE]<\/small><\/td>\n<\/tr>\n<tr>\n<td colspan=\"2\" align=\"right\"><a href=\"https:\/\/www.dubona.cz\/wp-content\/uploads\/QR-pozar.png\"><img loading=\"lazy\" decoding=\"async\" class=\"alignnone wp-image-1912\" src=\"https:\/\/www.dubona.cz\/wp-content\/uploads\/QR-pozar-300x300.png\" alt=\"QR\" width=\"30\" height=\"30\" srcset=\"https:\/\/www.dubona.cz\/wp-content\/uploads\/QR-pozar-300x300.png 300w, https:\/\/www.dubona.cz\/wp-content\/uploads\/QR-pozar-150x150.png 150w, https:\/\/www.dubona.cz\/wp-content\/uploads\/QR-pozar-12x12.png 12w, https:\/\/www.dubona.cz\/wp-content\/uploads\/QR-pozar.png 500w\" sizes=\"auto, (max-width: 30px) 100vw, 30px\" \/><\/a><\/td>\n<\/tr>\n<\/tbody>\n<\/table>\n\n\t\t<\/div>\n\t<\/div>\n<\/div><\/div><\/div><\/div><div class=\"vc_empty_space\"   style=\"height: 32px\"><span class=\"vc_empty_space_inner\"><\/span><\/div><div class=\"vc_row wpb_row vc_inner vc_row-fluid vc_custom_1715763148247 vc_row-has-fill\"><div class=\"wpb_column vc_column_container vc_col-sm-4\"><div class=\"vc_column-inner\"><div class=\"wpb_wrapper\"><div class=\"vc_separator wpb_content_element vc_separator_align_left vc_sep_width_100 vc_sep_shadow vc_sep_pos_align_left wpb_content_element vc_separator-has-text\" ><span class=\"vc_sep_holder vc_sep_holder_l\"><span style=\"color:#762f13;\" class=\"vc_sep_line\"><\/span><\/span><h4>Obchod &amp; Showroom<\/h4><span class=\"vc_sep_holder vc_sep_holder_r\"><span style=\"color:#762f13;\" class=\"vc_sep_line\"><\/span><\/span>\n<\/div>\n\t<div class=\"wpb_text_column wpb_content_element vc_custom_1726044019037\" >\n\t\t<div class=\"wpb_wrapper\">\n\t\t\t<table border=\"0\" width=\"100%\" cellspacing=\"0\" cellpadding=\"0\">\n<tbody>\n<tr>\n<td colspan=\"2\"><\/td>\n<\/tr>\n<tr>\n<td>tel.:<\/td>\n<td><small>(+420)<\/small> <a href=\"tel:+420607210813\">607&nbsp;210&nbsp;813<\/a><\/td>\n<\/tr>\n<tr>\n<td>e-mail:<\/td>\n<td><a href=\"mailto:obchod@dubona.cz\"><small>obchod@dubona.cz<\/small><\/a><\/td>\n<\/tr>\n<tr>\n<td colspan=\"2\"><\/td>\n<\/tr>\n<tr>\n<td colspan=\"2\" align=\"right\"><\/td>\n<\/tr>\n<\/tbody>\n<\/table>\n\n\t\t<\/div>\n\t<\/div>\n<\/div><\/div><\/div><div class=\"wpb_column vc_column_container vc_col-sm-4\"><div class=\"vc_column-inner\"><div class=\"wpb_wrapper\"><div class=\"vc_separator wpb_content_element vc_separator_align_left vc_sep_width_100 vc_sep_shadow vc_sep_pos_align_left wpb_content_element vc_separator-has-text\" ><span class=\"vc_sep_holder vc_sep_holder_l\"><span style=\"color:#762f13;\" class=\"vc_sep_line\"><\/span><\/span><h4>Interierov\u00fd a produktov\u00fd design<\/h4><span class=\"vc_sep_holder vc_sep_holder_r\"><span style=\"color:#762f13;\" class=\"vc_sep_line\"><\/span><\/span>\n<\/div>\n\t<div class=\"wpb_text_column wpb_content_element vc_custom_1726044006576\" >\n\t\t<div class=\"wpb_wrapper\">\n\t\t\t<table border=\"0\" width=\"100%\" cellspacing=\"0\" cellpadding=\"0\">\n<tbody>\n<tr>\n<td colspan=\"2\"><\/td>\n<\/tr>\n<tr>\n<td>tel.:<\/td>\n<td><small>(+420)<\/small>\u00a0<a href=\"tel:+420703332076\">703&nbsp;332&nbsp;076<\/a><\/td>\n<\/tr>\n<tr>\n<td>e-mail:<\/td>\n<td><a href=\"mailto:design@dubona.cz\"><small>design@dubona.cz<\/small><\/a><\/td>\n<\/tr>\n<tr>\n<td colspan=\"2\"><\/td>\n<\/tr>\n<tr>\n<td colspan=\"2\" align=\"right\"><\/td>\n<\/tr>\n<\/tbody>\n<\/table>\n\n\t\t<\/div>\n\t<\/div>\n<\/div><\/div><\/div><div class=\"wpb_column vc_column_container vc_col-sm-4\"><div class=\"vc_column-inner\"><div class=\"wpb_wrapper\"><div class=\"vc_separator wpb_content_element vc_separator_align_left vc_sep_width_100 vc_sep_shadow vc_sep_pos_align_left wpb_content_element vc_separator-has-text\" ><span class=\"vc_sep_holder vc_sep_holder_l\"><span style=\"color:#762f13;\" class=\"vc_sep_line\"><\/span><\/span><h4>Administrativa<\/h4><span class=\"vc_sep_holder vc_sep_holder_r\"><span style=\"color:#762f13;\" class=\"vc_sep_line\"><\/span><\/span>\n<\/div>\n\t<div class=\"wpb_text_column wpb_content_element vc_custom_1726044085097\" >\n\t\t<div class=\"wpb_wrapper\">\n\t\t\t<table border=\"0\" width=\"100%\" cellspacing=\"0\" cellpadding=\"0\">\n<tbody>\n<tr>\n<td colspan=\"2\"><\/td>\n<\/tr>\n<tr>\n<td>tel.:<\/td>\n<td><small>(+420)<\/small>\u00a0<a href=\"tel:+420722008004\">722\u00a0008\u00a0004<\/a><\/td>\n<\/tr>\n<tr>\n<td>e-mail:<\/td>\n<td><a href=\"mailto:office@dubona.cz\"><small>office@dubona.cz<\/small><\/a><\/td>\n<\/tr>\n<tr>\n<td colspan=\"2\"><\/td>\n<\/tr>\n<tr>\n<td colspan=\"2\" align=\"right\"><\/td>\n<\/tr>\n<\/tbody>\n<\/table>\n\n\t\t<\/div>\n\t<\/div>\n<\/div><\/div><\/div><\/div><div class=\"vc_empty_space\"   style=\"height: 32px\"><span class=\"vc_empty_space_inner\"><\/span><\/div><div class=\"vc_row wpb_row vc_inner vc_row-fluid vc_custom_1715763148247 vc_row-has-fill\"><div class=\"wpb_column vc_column_container vc_col-sm-6\"><div class=\"vc_column-inner\"><div class=\"wpb_wrapper\"><div class=\"vc_separator wpb_content_element vc_separator_align_left vc_sep_width_100 vc_sep_shadow vc_sep_pos_align_left wpb_content_element vc_separator-has-text\" ><span class=\"vc_sep_holder vc_sep_holder_l\"><span style=\"color:#762f13;\" class=\"vc_sep_line\"><\/span><\/span><h4>Showroom<\/h4><span class=\"vc_sep_holder vc_sep_holder_r\"><span style=\"color:#762f13;\" class=\"vc_sep_line\"><\/span><\/span>\n<\/div>\n\t<div class=\"wpb_text_column wpb_content_element vc_custom_1726726285468\" >\n\t\t<div class=\"wpb_wrapper\">\n\t\t\t<table border=\"0\" width=\"100%\" cellspacing=\"0\" cellpadding=\"0\">\n<tbody>\n<tr>\n<td colspan=\"2\"><strong>Provozn\u00ed doba vzorkov\u00e9 prodejny:<\/strong><\/td>\n<\/tr>\n<tr>\n<td>Pond\u011bl\u00ed<\/td>\n<td align=\"right\">10:00 &#8211; 17:00 hod.<\/td>\n<\/tr>\n<tr>\n<td>St\u0159eda<\/td>\n<td align=\"right\">10:00 &#8211; 17:00 hod.<\/td>\n<\/tr>\n<tr>\n<td>P\u00e1tek<\/td>\n<td align=\"right\">10:00 &#8211; 15:00 hod.<\/td>\n<\/tr>\n<\/tbody>\n<\/table>\n\n\t\t<\/div>\n\t<\/div>\n<\/div><\/div><\/div><div class=\"wpb_column vc_column_container vc_col-sm-6\"><div class=\"vc_column-inner\"><div class=\"wpb_wrapper\"><\/div><\/div><\/div><\/div><div class=\"vc_row wpb_row vc_inner vc_row-fluid vc_custom_1715763148247 vc_row-has-fill\"><div class=\"wpb_column vc_column_container vc_col-sm-12\"><div class=\"vc_column-inner\"><div class=\"wpb_wrapper\">\n\t<div class=\"wpb_text_column wpb_content_element vc_custom_1726733208012\" >\n\t\t<div class=\"wpb_wrapper\">\n\t\t\t<p>Na z\u00e1klad\u011b telefonick\u00e9 domluvy se m\u016f\u017eeme domluvit i&nbsp;na jin\u00e9m term\u00ednu v&nbsp;pr\u016fb\u011bhu pracovn\u00edho t\u00fddne.<\/p>\n<p>Telefon do provozovny (vzorkovny): <a href=\"tel:+420607210813\">607&nbsp;210&nbsp;813<\/a> nebo <a href=\"tel:+420736774004\">736&nbsp;774&nbsp;004<\/a>, e-mail: <a href=\"mailto:dubona@dubona.cz\">dubona@dubona.cz<\/a><\/p>\n\n\t\t<\/div>\n\t<\/div>\n<\/div><\/div><\/div><\/div><\/div><\/div><\/div><\/div>\n<\/div>","protected":false},"excerpt":{"rendered":"Jednatel Ing. Ji\u0159\u00ed Doubek tel.: (+420)\u00a0736\u00a0774\u00a0004 e-mail: doubek.j@dubona.cz [CZ] Obchodn\u00ed konzultant P\u0159emysl Po\u017e\u00e1r tel.: (+420)\u00a0720\u00a0969\u00a0121 e-mail: pozar@dubona.cz [CZ]|[DE] Obchod &amp; Showroom tel.: (+420) 607 210 813 e-mail: obchod@dubona.cz Interierov\u00fd a produktov\u00fd design tel.: (+420)\u00a0703 332 076 e-mail: design@dubona.cz Administrativa tel.: (+420)\u00a0722\u00a0008\u00a0004 e-mail: office@dubona.cz Showroom Provozn\u00ed doba vzorkov\u00e9 prodejny: Pond\u011bl\u00ed 10:00 - 17:00 hod. St\u0159eda 10:00 [...]","protected":false},"author":1,"featured_media":0,"parent":0,"menu_order":0,"comment_status":"closed","ping_status":"closed","template":"","meta":{"footnotes":""},"class_list":["post-1539","page","type-page","status-publish","hentry"],"yoast_head":"<!-- This site is optimized with the Yoast SEO plugin v27.5 - https:\/\/yoast.com\/product\/yoast-seo-wordpress\/ -->\n<title>Kontakt - veden\u00ed spole\u010dnosti<\/title>\n<meta name=\"description\" content=\"Firma Dubona s.r.o. se zab\u00fdv\u00e1 zak\u00e1zkovou d\u0159evov\u00fdrobou jak z masivn\u00edho materi\u00e1lu, tak i laminovan\u00fdch nebo d\u00fdhovan\u00fdch desek. profesion\u00e1ln\u00ed d\u0159evov\u00fdroba, v\u00fdstavba, rekonstrukce a poradenstv\u00ed DUBONA %\" \/>\n<meta name=\"robots\" content=\"index, follow, max-snippet:-1, max-image-preview:large, max-video-preview:-1\" \/>\n<link rel=\"canonical\" href=\"https:\/\/www.dubona.cz\/cz\/kontakt\/\" \/>\n<meta property=\"og:locale\" content=\"cs_CZ\" \/>\n<meta property=\"og:type\" content=\"article\" \/>\n<meta property=\"og:title\" content=\"Kontakt - veden\u00ed spole\u010dnosti\" \/>\n<meta property=\"og:description\" content=\"Firma Dubona s.r.o. se zab\u00fdv\u00e1 zak\u00e1zkovou d\u0159evov\u00fdrobou jak z masivn\u00edho materi\u00e1lu, tak i laminovan\u00fdch nebo d\u00fdhovan\u00fdch desek. profesion\u00e1ln\u00ed d\u0159evov\u00fdroba, v\u00fdstavba, rekonstrukce a poradenstv\u00ed DUBONA %\" \/>\n<meta property=\"og:url\" content=\"https:\/\/www.dubona.cz\/cz\/kontakt\/\" \/>\n<meta property=\"og:site_name\" content=\"DUBONA\" \/>\n<meta property=\"article:modified_time\" content=\"2024-09-19T08:06:54+00:00\" \/>\n<meta property=\"og:image\" content=\"https:\/\/www.dubona.cz\/wp-content\/uploads\/QR-doubek-300x300.png\" \/>\n<meta name=\"twitter:card\" content=\"summary_large_image\" \/>\n<meta name=\"twitter:label1\" content=\"Odhadovan\u00e1 doba \u010dten\u00ed\" \/>\n\t<meta name=\"twitter:data1\" content=\"5 minut\" \/>\n<script type=\"application\/ld+json\" class=\"yoast-schema-graph\">{\"@context\":\"https:\\\/\\\/schema.org\",\"@graph\":[{\"@type\":\"WebPage\",\"@id\":\"https:\\\/\\\/www.dubona.cz\\\/kontakt\\\/\",\"url\":\"https:\\\/\\\/www.dubona.cz\\\/kontakt\\\/\",\"name\":\"Kontakt - veden\u00ed spole\u010dnosti\",\"isPartOf\":{\"@id\":\"https:\\\/\\\/www.dubona.cz\\\/#website\"},\"primaryImageOfPage\":{\"@id\":\"https:\\\/\\\/www.dubona.cz\\\/kontakt\\\/#primaryimage\"},\"image\":{\"@id\":\"https:\\\/\\\/www.dubona.cz\\\/kontakt\\\/#primaryimage\"},\"thumbnailUrl\":\"https:\\\/\\\/www.dubona.cz\\\/wp-content\\\/uploads\\\/QR-doubek-300x300.png\",\"datePublished\":\"2024-05-15T09:47:54+00:00\",\"dateModified\":\"2024-09-19T08:06:54+00:00\",\"description\":\"Firma Dubona s.r.o. se zab\u00fdv\u00e1 zak\u00e1zkovou d\u0159evov\u00fdrobou jak z masivn\u00edho materi\u00e1lu, tak i laminovan\u00fdch nebo d\u00fdhovan\u00fdch desek. profesion\u00e1ln\u00ed d\u0159evov\u00fdroba, v\u00fdstavba, rekonstrukce a poradenstv\u00ed DUBONA %\",\"breadcrumb\":{\"@id\":\"https:\\\/\\\/www.dubona.cz\\\/kontakt\\\/#breadcrumb\"},\"inLanguage\":\"cs\",\"potentialAction\":[{\"@type\":\"ReadAction\",\"target\":[\"https:\\\/\\\/www.dubona.cz\\\/kontakt\\\/\"]}]},{\"@type\":\"ImageObject\",\"inLanguage\":\"cs\",\"@id\":\"https:\\\/\\\/www.dubona.cz\\\/kontakt\\\/#primaryimage\",\"url\":\"https:\\\/\\\/www.dubona.cz\\\/wp-content\\\/uploads\\\/QR-doubek-300x300.png\",\"contentUrl\":\"https:\\\/\\\/www.dubona.cz\\\/wp-content\\\/uploads\\\/QR-doubek-300x300.png\"},{\"@type\":\"BreadcrumbList\",\"@id\":\"https:\\\/\\\/www.dubona.cz\\\/kontakt\\\/#breadcrumb\",\"itemListElement\":[{\"@type\":\"ListItem\",\"position\":1,\"name\":\"Dom\u016f\",\"item\":\"https:\\\/\\\/www.dubona.cz\\\/\"},{\"@type\":\"ListItem\",\"position\":2,\"name\":\"Kontakt &#8211; veden\u00ed spole\u010dnosti\"}]},{\"@type\":\"WebSite\",\"@id\":\"https:\\\/\\\/www.dubona.cz\\\/#website\",\"url\":\"https:\\\/\\\/www.dubona.cz\\\/\",\"name\":\"www.DUBONA.cz\",\"description\":\"profesion\u00e1ln\u00ed d\u0159evov\u00fdroba, v\u00fdstavba, rekonstrukce a poradenstv\u00ed\",\"publisher\":{\"@id\":\"https:\\\/\\\/www.dubona.cz\\\/#organization\"},\"potentialAction\":[{\"@type\":\"SearchAction\",\"target\":{\"@type\":\"EntryPoint\",\"urlTemplate\":\"https:\\\/\\\/www.dubona.cz\\\/?s={search_term_string}\"},\"query-input\":{\"@type\":\"PropertyValueSpecification\",\"valueRequired\":true,\"valueName\":\"search_term_string\"}}],\"inLanguage\":\"cs\"},{\"@type\":\"Organization\",\"@id\":\"https:\\\/\\\/www.dubona.cz\\\/#organization\",\"name\":\"DUBONA s.r.o.\",\"url\":\"https:\\\/\\\/www.dubona.cz\\\/\",\"logo\":{\"@type\":\"ImageObject\",\"inLanguage\":\"cs\",\"@id\":\"https:\\\/\\\/www.dubona.cz\\\/#\\\/schema\\\/logo\\\/image\\\/\",\"url\":\"https:\\\/\\\/www.dubona.cz\\\/wp-content\\\/uploads\\\/logo_dubona_transparent_ring_news.png\",\"contentUrl\":\"https:\\\/\\\/www.dubona.cz\\\/wp-content\\\/uploads\\\/logo_dubona_transparent_ring_news.png\",\"width\":150,\"height\":150,\"caption\":\"DUBONA s.r.o.\"},\"image\":{\"@id\":\"https:\\\/\\\/www.dubona.cz\\\/#\\\/schema\\\/logo\\\/image\\\/\"}}]}<\/script>\n<!-- \/ Yoast SEO plugin. -->","yoast_head_json":{"title":"Kontakt - veden\u00ed spole\u010dnosti","description":"Firma Dubona s.r.o. se zab\u00fdv\u00e1 zak\u00e1zkovou d\u0159evov\u00fdrobou jak z masivn\u00edho materi\u00e1lu, tak i laminovan\u00fdch nebo d\u00fdhovan\u00fdch desek. profesion\u00e1ln\u00ed d\u0159evov\u00fdroba, v\u00fdstavba, rekonstrukce a poradenstv\u00ed DUBONA %","robots":{"index":"index","follow":"follow","max-snippet":"max-snippet:-1","max-image-preview":"max-image-preview:large","max-video-preview":"max-video-preview:-1"},"canonical":"https:\/\/www.dubona.cz\/cz\/kontakt\/","og_locale":"cs_CZ","og_type":"article","og_title":"Kontakt - veden\u00ed spole\u010dnosti","og_description":"Firma Dubona s.r.o. se zab\u00fdv\u00e1 zak\u00e1zkovou d\u0159evov\u00fdrobou jak z masivn\u00edho materi\u00e1lu, tak i laminovan\u00fdch nebo d\u00fdhovan\u00fdch desek. profesion\u00e1ln\u00ed d\u0159evov\u00fdroba, v\u00fdstavba, rekonstrukce a poradenstv\u00ed DUBONA %","og_url":"https:\/\/www.dubona.cz\/cz\/kontakt\/","og_site_name":"DUBONA","article_modified_time":"2024-09-19T08:06:54+00:00","og_image":[{"url":"https:\/\/www.dubona.cz\/wp-content\/uploads\/QR-doubek-300x300.png","type":"","width":"","height":""}],"twitter_card":"summary_large_image","twitter_misc":{"Odhadovan\u00e1 doba \u010dten\u00ed":"5 minut"},"schema":{"@context":"https:\/\/schema.org","@graph":[{"@type":"WebPage","@id":"https:\/\/www.dubona.cz\/kontakt\/","url":"https:\/\/www.dubona.cz\/kontakt\/","name":"Kontakt - veden\u00ed spole\u010dnosti","isPartOf":{"@id":"https:\/\/www.dubona.cz\/#website"},"primaryImageOfPage":{"@id":"https:\/\/www.dubona.cz\/kontakt\/#primaryimage"},"image":{"@id":"https:\/\/www.dubona.cz\/kontakt\/#primaryimage"},"thumbnailUrl":"https:\/\/www.dubona.cz\/wp-content\/uploads\/QR-doubek-300x300.png","datePublished":"2024-05-15T09:47:54+00:00","dateModified":"2024-09-19T08:06:54+00:00","description":"Firma Dubona s.r.o. se zab\u00fdv\u00e1 zak\u00e1zkovou d\u0159evov\u00fdrobou jak z masivn\u00edho materi\u00e1lu, tak i laminovan\u00fdch nebo d\u00fdhovan\u00fdch desek. profesion\u00e1ln\u00ed d\u0159evov\u00fdroba, v\u00fdstavba, rekonstrukce a poradenstv\u00ed DUBONA %","breadcrumb":{"@id":"https:\/\/www.dubona.cz\/kontakt\/#breadcrumb"},"inLanguage":"cs","potentialAction":[{"@type":"ReadAction","target":["https:\/\/www.dubona.cz\/kontakt\/"]}]},{"@type":"ImageObject","inLanguage":"cs","@id":"https:\/\/www.dubona.cz\/kontakt\/#primaryimage","url":"https:\/\/www.dubona.cz\/wp-content\/uploads\/QR-doubek-300x300.png","contentUrl":"https:\/\/www.dubona.cz\/wp-content\/uploads\/QR-doubek-300x300.png"},{"@type":"BreadcrumbList","@id":"https:\/\/www.dubona.cz\/kontakt\/#breadcrumb","itemListElement":[{"@type":"ListItem","position":1,"name":"Dom\u016f","item":"https:\/\/www.dubona.cz\/"},{"@type":"ListItem","position":2,"name":"Kontakt &#8211; veden\u00ed spole\u010dnosti"}]},{"@type":"WebSite","@id":"https:\/\/www.dubona.cz\/#website","url":"https:\/\/www.dubona.cz\/","name":"www.DUBONA.cz","description":"profesion\u00e1ln\u00ed d\u0159evov\u00fdroba, v\u00fdstavba, rekonstrukce a poradenstv\u00ed","publisher":{"@id":"https:\/\/www.dubona.cz\/#organization"},"potentialAction":[{"@type":"SearchAction","target":{"@type":"EntryPoint","urlTemplate":"https:\/\/www.dubona.cz\/?s={search_term_string}"},"query-input":{"@type":"PropertyValueSpecification","valueRequired":true,"valueName":"search_term_string"}}],"inLanguage":"cs"},{"@type":"Organization","@id":"https:\/\/www.dubona.cz\/#organization","name":"DUBONA s.r.o.","url":"https:\/\/www.dubona.cz\/","logo":{"@type":"ImageObject","inLanguage":"cs","@id":"https:\/\/www.dubona.cz\/#\/schema\/logo\/image\/","url":"https:\/\/www.dubona.cz\/wp-content\/uploads\/logo_dubona_transparent_ring_news.png","contentUrl":"https:\/\/www.dubona.cz\/wp-content\/uploads\/logo_dubona_transparent_ring_news.png","width":150,"height":150,"caption":"DUBONA s.r.o."},"image":{"@id":"https:\/\/www.dubona.cz\/#\/schema\/logo\/image\/"}}]}},"_links":{"self":[{"href":"https:\/\/www.dubona.cz\/cz\/wp-json\/wp\/v2\/pages\/1539","targetHints":{"allow":["GET"]}}],"collection":[{"href":"https:\/\/www.dubona.cz\/cz\/wp-json\/wp\/v2\/pages"}],"about":[{"href":"https:\/\/www.dubona.cz\/cz\/wp-json\/wp\/v2\/types\/page"}],"author":[{"embeddable":true,"href":"https:\/\/www.dubona.cz\/cz\/wp-json\/wp\/v2\/users\/1"}],"replies":[{"embeddable":true,"href":"https:\/\/www.dubona.cz\/cz\/wp-json\/wp\/v2\/comments?post=1539"}],"version-history":[{"count":2,"href":"https:\/\/www.dubona.cz\/cz\/wp-json\/wp\/v2\/pages\/1539\/revisions"}],"predecessor-version":[{"id":2058,"href":"https:\/\/www.dubona.cz\/cz\/wp-json\/wp\/v2\/pages\/1539\/revisions\/2058"}],"wp:attachment":[{"href":"https:\/\/www.dubona.cz\/cz\/wp-json\/wp\/v2\/media?parent=1539"}],"curies":[{"name":"wp","href":"https:\/\/api.w.org\/{rel}","templated":true}]}}